{"id":709,"date":"2024-10-17T22:33:22","date_gmt":"2024-10-17T22:33:22","guid":{"rendered":"https:\/\/raelgimenes.com\/gritaria\/?page_id=709"},"modified":"2025-03-11T17:12:51","modified_gmt":"2025-03-11T17:12:51","slug":"sobre-o-grupo","status":"publish","type":"page","link":"https:\/\/raelgimenes.com\/gritaria\/sobre-o-grupo\/","title":{"rendered":"Sobre o grupo"},"content":{"rendered":"\n<div class=\"wp-block-group alignfull nfd-pt-lg nfd-theme-dark nfd-bg-surface is-style-nfd-theme-dark has-background\" id=\"intro\" style=\"background:linear-gradient(0deg,rgb(243,244,246) 18%,rgb(22,26,29) 18%)\"><div class=\"wp-block-group__inner-container is-layout-constrained wp-block-group-is-layout-constrained\">\n<div class=\"wp-block-group nfd-gap-4xl is-vertical is-content-justification-center is-layout-flex wp-container-core-group-is-layout-ce155fab wp-block-group-is-layout-flex\">\n<div class=\"wp-block-group nfd-container\"><div class=\"wp-block-group__inner-container is-layout-constrained wp-block-group-is-layout-constrained\">\n<div class=\"wp-block-group nfd-gap-xl nfd-wb-animate nfd-wb-fade-in-bottom is-vertical is-content-justification-center is-layout-flex wp-container-core-group-is-layout-f9a93ed8 wp-block-group-is-layout-flex\">\n<h1 class=\"wp-block-heading has-text-align-center nfd-text-giga nfd-text-contrast nfd-text-balance\">GRupo de estudos InTerdisciplinar de ARte InterativA<\/h1>\n<\/div>\n<\/div><\/div>\n\n\n\n<div class=\"wp-block-group alignfull nfd-wb-animate nfd-wb-twist-in nfd-delay-450 is-content-justification-center is-nowrap is-layout-flex wp-container-core-group-is-layout-bcf5fd3f wp-block-group-is-layout-flex\" style=\"padding-top:0;padding-right:0;padding-bottom:0;padding-left:0\"><div class=\"wp-block-image nfd-rounded-t-xl\">\n<figure class=\"aligncenter size-large\"><img fetchpriority=\"high\" decoding=\"async\" width=\"1024\" height=\"768\" src=\"https:\/\/raelgimenes.com\/gritaria\/wp-content\/uploads\/2024\/10\/camila_gritaria03-1024x768.jpg\" alt=\"\" class=\"wp-image-685\" style=\"aspect-ratio:16\/9;object-fit:cover\" srcset=\"https:\/\/raelgimenes.com\/gritaria\/wp-content\/uploads\/2024\/10\/camila_gritaria03-1024x768.jpg 1024w, https:\/\/raelgimenes.com\/gritaria\/wp-content\/uploads\/2024\/10\/camila_gritaria03-300x225.jpg 300w, https:\/\/raelgimenes.com\/gritaria\/wp-content\/uploads\/2024\/10\/camila_gritaria03-768x576.jpg 768w, https:\/\/raelgimenes.com\/gritaria\/wp-content\/uploads\/2024\/10\/camila_gritaria03-1536x1152.jpg 1536w, https:\/\/raelgimenes.com\/gritaria\/wp-content\/uploads\/2024\/10\/camila_gritaria03-2048x1536.jpg 2048w, https:\/\/raelgimenes.com\/gritaria\/wp-content\/uploads\/2024\/10\/camila_gritaria03-scaled.jpg 1920w\" sizes=\"(max-width: 1024px) 100vw, 1024px\" \/><\/figure>\n<\/div><\/div>\n<\/div>\n<\/div><\/div>\n\n\n\n<div id=\"testimonial\" class=\"wp-block-group nfd-container nfd-p-md nfd-my-0 nfd-theme-light nfd-bg-surface is-style-nfd-theme-light nfd-divider-slant-invert\"><div class=\"wp-block-group__inner-container is-layout-constrained wp-block-group-is-layout-constrained\">\n<div style=\"height:16px\" aria-hidden=\"true\" class=\"wp-block-spacer\"><\/div>\n\n\n\n<h2 class=\"wp-block-heading has-text-align-center\"><a href=\"http:\/\/dgp.cnpq.br\/dgp\/espelhogrupo\/4828845010169493\" target=\"_blank\" rel=\"noreferrer noopener\">Acesse o espelho do grupo no CNPq<\/a><\/h2>\n<\/div><\/div>\n\n\n\n<div id=\"features\" class=\"wp-block-group nfd-container nfd-p-lg nfd-theme-white nfd-bg-surface is-style-nfd-theme-white\"><div class=\"wp-block-group__inner-container is-layout-constrained wp-container-core-group-is-layout-81828466 wp-block-group-is-layout-constrained\">\n<div class=\"wp-block-columns are-vertically-aligned-top nfd-gap-3xl nfd-text-md nfd-text-faded is-layout-flex wp-container-core-columns-is-layout-28f84493 wp-block-columns-is-layout-flex\">\n<div class=\"wp-block-column is-vertically-aligned-top md:nfd-order-2 nfd-wb-animate nfd-wb-fade-in-bottom is-layout-flow wp-container-core-column-is-layout-c6626a78 wp-block-column-is-layout-flow\" style=\"flex-basis:50%\">\n<h2 class=\"wp-block-heading nfd-text-huge nfd-text-contrast\">Motiva\u00e7\u00f5es<\/h2>\n\n\n\n<div class=\"wp-block-group nfd-gap-xl is-vertical is-layout-flex wp-container-core-group-is-layout-fe9cc265 wp-block-group-is-layout-flex\">\n<div class=\"wp-block-group\"><div class=\"wp-block-group__inner-container is-layout-constrained wp-block-group-is-layout-constrained\">\n<p>Para pensadores da Arte, Filosofia e Comunica\u00e7\u00e3o vivemos em um momento de grandes transforma\u00e7\u00f5es impulsionadas pelo desenvolvimento das tecnologias digitais. <\/p>\n\n\n\n<p>Para Santaella em <em>Cultura e artes do p\u00f3s-humano<\/em> (2003) o processo de digitaliza\u00e7\u00e3o transformou profundamente os modos de comunica\u00e7\u00e3o e cria\u00e7\u00e3o simb\u00f3lica dando origem a uma Cibercultura ou Cultura Digital em substitui\u00e7\u00e3o \u00e0 Cultura das M\u00eddias de gera\u00e7\u00f5es como as do r\u00e1dio, TV e videogame. <\/p>\n\n\n\n<p>Para Santaella o in\u00edcio da Cibercultura foi caracterizado por uma oposi\u00e7\u00e3o entre entusiastas fetichistas da tecnologia e cr\u00edticos catastr\u00f3ficos; afirma ser necess\u00e1rio encontrar um equil\u00edbrio entre essas duas posturas, j\u00e1 que a Cultura Digital \u00e9 uma realidade que n\u00e3o pode ser ignorada ou extirpada das sociedades contempor\u00e2neas. <\/p>\n\n\n\n<p>Sendo assim, entende que a Arte, como sempre foi de sua natureza, tem papel central na discuss\u00e3o dessa realidade. Portanto, as a\u00e7\u00f5es coletivas de cria\u00e7\u00e3o art\u00edstica (musical, da cena, visuais, do corpo, entre outras) t\u00eam potencial de explorar essas fissuras da comunica\u00e7\u00e3o contempor\u00e2nea e dialetiz\u00e1-las, contribuindo para a desfetichiza\u00e7\u00e3o e desnaturaliza\u00e7\u00e3o das tecnologias na sociedade contempor\u00e2nea.<\/p>\n<\/div><\/div>\n<\/div>\n<\/div>\n\n\n\n<div class=\"wp-block-column is-vertically-aligned-top md:nfd-order-2 nfd-wb-animate nfd-wb-fade-in-bottom nfd-delay-300 is-layout-flow wp-container-core-column-is-layout-c6626a78 wp-block-column-is-layout-flow\" style=\"flex-basis:50%\">\n<div class=\"wp-block-group nfd-gap-xl is-vertical is-layout-flex wp-container-core-group-is-layout-fe9cc265 wp-block-group-is-layout-flex\">\n<div style=\"height:0px\" aria-hidden=\"true\" class=\"wp-block-spacer md:nfd-hidden wp-container-content-541a6b20\"><\/div>\n\n\n\n<h2 class=\"wp-block-heading nfd-text-huge nfd-text-current\">Hist\u00f3rico<\/h2>\n\n\n\n<p>O Grupo surgiu na Universidade Estadual de Maring\u00e1 a partir de a\u00e7\u00f5es realizadas no \u00e2mbito das disciplinas <em>\u00c1udio e sonoridades<\/em> do curso de Comunica\u00e7\u00e3o e Multimeios e <em>Oficina de cria\u00e7\u00e3o com tecnologias digitais<\/em> do curso de Artes C\u00eanicas e das disciplinas <em>T\u00f3picos especiais em M\u00fasica: intera\u00e7\u00e3o e interdisciplinaridade<\/em> e <em>T\u00f3picos especiais em cogni\u00e7\u00e3o musical<\/em> da p\u00f3s-gradua\u00e7\u00e3o em M\u00fasica. <\/p>\n\n\n\n<div class=\"wp-block-group nfd-gap-xl is-vertical is-layout-flex wp-container-core-group-is-layout-fe9cc265 wp-block-group-is-layout-flex\">\n<div style=\"height:0px\" aria-hidden=\"true\" class=\"wp-block-spacer md:nfd-hidden wp-container-content-541a6b20\"><\/div>\n\n\n\n<h2 class=\"wp-block-heading nfd-text-huge nfd-text-current\">O que \u00e9<\/h2>\n\n\n\n<p>Um espa\u00e7o colaborativo para o desenvolvimento de obras art\u00edsticas que integrem m\u00fasica, artes da cena e artes visuais com tecnologias digitais contempor\u00e2neas. <\/p>\n\n\n\n<p>Os encontros incluem estudos te\u00f3ricos\/pr\u00e1ticos sobre m\u00fasica experimental, fenomenologia, cogni\u00e7\u00e3o incorporada, psicologia ecol\u00f3gica, arte interatividade e tecnologias digitais. <\/p>\n\n\n\n<p>As produ\u00e7\u00f5es art\u00edsticas desenvolvidas ser\u00e3o apresentadas em mostras p\u00fablicas, proporcionando uma espa\u00e7o tanto para a express\u00e3o art\u00edstica quanto para o debate cr\u00edtico sobre as rela\u00e7\u00f5es entre arte, tecnologia e cultura digital na contemporaneidade.<\/p>\n<\/div>\n<\/div>\n<\/div>\n<\/div>\n<\/div><\/div>\n\n\n\n<div id=\"gallery\" class=\"wp-block-group nfd-container nfd-p-0\"><div class=\"wp-block-group__inner-container is-layout-constrained wp-container-core-group-is-layout-4383d167 wp-block-group-is-layout-constrained\">\n<figure class=\"wp-block-gallery has-nested-images columns-4 is-cropped wp-block-gallery-1 is-layout-flex wp-block-gallery-is-layout-flex\">\n<figure class=\"wp-block-image size-medium nfd-mt-8 md:nfd-my-0 nfd-wb-animate nfd-wb-fade-in-bottom-short nfd-delay-150\"><img decoding=\"async\" width=\"300\" height=\"230\" data-id=\"688\" src=\"https:\/\/raelgimenes.com\/gritaria\/wp-content\/uploads\/2024\/10\/fotosubjetas00-300x230.png\" alt=\"\" class=\"wp-image-688\" style=\"aspect-ratio:3\/4;object-fit:cover\" srcset=\"https:\/\/raelgimenes.com\/gritaria\/wp-content\/uploads\/2024\/10\/fotosubjetas00-300x230.png 300w, https:\/\/raelgimenes.com\/gritaria\/wp-content\/uploads\/2024\/10\/fotosubjetas00-1024x785.png 1024w, https:\/\/raelgimenes.com\/gritaria\/wp-content\/uploads\/2024\/10\/fotosubjetas00-768x589.png 768w, https:\/\/raelgimenes.com\/gritaria\/wp-content\/uploads\/2024\/10\/fotosubjetas00.png 1040w\" sizes=\"(max-width: 300px) 100vw, 300px\" \/><figcaption class=\"wp-element-caption\">Subjetas<\/figcaption><\/figure>\n\n\n\n<figure class=\"wp-block-image size-large nfd-mb-8 md:nfd-my-0 nfd-wb-animate nfd-wb-fade-in-top-short nfd-delay-300\"><img decoding=\"async\" width=\"1024\" height=\"576\" data-id=\"383\" src=\"https:\/\/raelgimenes.com\/gritaria\/wp-content\/uploads\/2022\/07\/autopoiesis01-1024x576.png\" alt=\"\" class=\"wp-image-383\" style=\"aspect-ratio:3\/4;object-fit:cover\" srcset=\"https:\/\/raelgimenes.com\/gritaria\/wp-content\/uploads\/2022\/07\/autopoiesis01-1024x576.png 1024w, https:\/\/raelgimenes.com\/gritaria\/wp-content\/uploads\/2022\/07\/autopoiesis01-300x169.png 300w, https:\/\/raelgimenes.com\/gritaria\/wp-content\/uploads\/2022\/07\/autopoiesis01-768x432.png 768w, https:\/\/raelgimenes.com\/gritaria\/wp-content\/uploads\/2022\/07\/autopoiesis01-1536x864.png 1536w, https:\/\/raelgimenes.com\/gritaria\/wp-content\/uploads\/2022\/07\/autopoiesis01.png 1920w\" sizes=\"(max-width: 1024px) 100vw, 1024px\" \/><figcaption class=\"wp-element-caption\">Autopoiesis<\/figcaption><\/figure>\n\n\n\n<figure class=\"wp-block-image size-large nfd-mt-8 md:nfd-my-0 nfd-wb-animate nfd-wb-fade-in-bottom-short nfd-delay-450\"><img loading=\"lazy\" decoding=\"async\" width=\"768\" height=\"1024\" data-id=\"378\" src=\"https:\/\/raelgimenes.com\/gritaria\/wp-content\/uploads\/2022\/07\/whatsapp-image-2022-07-14-at-16.09.57-2-1-768x1024.jpeg\" alt=\"\" class=\"wp-image-378\" style=\"aspect-ratio:3\/4;object-fit:cover\" srcset=\"https:\/\/raelgimenes.com\/gritaria\/wp-content\/uploads\/2022\/07\/whatsapp-image-2022-07-14-at-16.09.57-2-1-768x1023.jpeg 768w, https:\/\/raelgimenes.com\/gritaria\/wp-content\/uploads\/2022\/07\/whatsapp-image-2022-07-14-at-16.09.57-2-1-225x300.jpeg 225w, https:\/\/raelgimenes.com\/gritaria\/wp-content\/uploads\/2022\/07\/whatsapp-image-2022-07-14-at-16.09.57-2-1-1153x1536.jpeg 1153w, https:\/\/raelgimenes.com\/gritaria\/wp-content\/uploads\/2022\/07\/whatsapp-image-2022-07-14-at-16.09.57-2-1.jpeg 1200w\" sizes=\"(max-width: 768px) 100vw, 768px\" \/><figcaption class=\"wp-element-caption\">Presen\u00e7as<\/figcaption><\/figure>\n\n\n\n<figure class=\"wp-block-image size-large nfd-mb-8 md:nfd-my-0 nfd-wb-animate nfd-wb-fade-in-top-short nfd-delay-600\"><img loading=\"lazy\" decoding=\"async\" width=\"1024\" height=\"553\" data-id=\"690\" src=\"https:\/\/raelgimenes.com\/gritaria\/wp-content\/uploads\/2024\/10\/gritaria_processing-1024x553.jpeg\" alt=\"\" class=\"wp-image-690\" style=\"aspect-ratio:3\/4;object-fit:cover\" srcset=\"https:\/\/raelgimenes.com\/gritaria\/wp-content\/uploads\/2024\/10\/gritaria_processing-1024x553.jpeg 1024w, https:\/\/raelgimenes.com\/gritaria\/wp-content\/uploads\/2024\/10\/gritaria_processing-300x162.jpeg 300w, https:\/\/raelgimenes.com\/gritaria\/wp-content\/uploads\/2024\/10\/gritaria_processing-768x415.jpeg 768w, https:\/\/raelgimenes.com\/gritaria\/wp-content\/uploads\/2024\/10\/gritaria_processing.jpeg 1218w\" sizes=\"(max-width: 1024px) 100vw, 1024px\" \/><figcaption class=\"wp-element-caption\">Oficinas<\/figcaption><\/figure>\n<\/figure>\n<\/div><\/div>\n\n\n\n<div class=\"wp-block-group alignfull nfd-my-0 nfd-p-lg nfd-pb-md nfd-container nfd-bg-gray-100 nfd-wb-animate nfd-wb-fade-in-bottom has-black-color has-text-color\" id=\"team\"><div class=\"wp-block-group__inner-container is-layout-flow wp-container-core-group-is-layout-f6422989 wp-block-group-is-layout-flow\">\n<div class=\"wp-block-group\"><div class=\"wp-block-group__inner-container is-layout-flow wp-container-core-group-is-layout-634f0b9d wp-block-group-is-layout-flow\">\n<div class=\"wp-block-group nfd-gap-lg is-vertical is-content-justification-center is-layout-flex wp-container-core-group-is-layout-fa38c63a wp-block-group-is-layout-flex\">\n<h2 class=\"wp-block-heading has-text-align-center nfd-text-huge nfd-text-contrast nfd-text-balance\">Integrantes<\/h2>\n<\/div>\n<\/div><\/div>\n\n\n\n<div class=\"wp-block-group nfd-container nfd-p-lg\"><div class=\"wp-block-group__inner-container is-layout-constrained wp-block-group-is-layout-constrained\">\n<div class=\"wp-block-columns are-vertically-aligned-top nfd-gap-y-2xl is-layout-flex wp-container-core-columns-is-layout-12beab2d wp-block-columns-is-layout-flex\">\n<div class=\"wp-block-column is-vertically-aligned-top is-layout-flow wp-container-core-column-is-layout-22223934 wp-block-column-is-layout-flow\"><div class=\"wp-block-image nfd-rounded-full is-style-rounded\">\n<figure class=\"aligncenter size-large is-resized has-custom-border\"><img loading=\"lazy\" decoding=\"async\" width=\"836\" height=\"1024\" src=\"https:\/\/raelgimenes.com\/gritaria\/wp-content\/uploads\/2022\/07\/rael-836x1024.jpg\" alt=\"\" class=\"has-border-color wp-image-392\" style=\"border-color:#0000001a;border-width:1px;aspect-ratio:1;object-fit:cover;width:96px\" srcset=\"https:\/\/raelgimenes.com\/gritaria\/wp-content\/uploads\/2022\/07\/rael-836x1024.jpg 836w, https:\/\/raelgimenes.com\/gritaria\/wp-content\/uploads\/2022\/07\/rael-245x300.jpg 245w, https:\/\/raelgimenes.com\/gritaria\/wp-content\/uploads\/2022\/07\/rael-768x941.jpg 768w, https:\/\/raelgimenes.com\/gritaria\/wp-content\/uploads\/2022\/07\/rael-1254x1536.jpg 1254w, https:\/\/raelgimenes.com\/gritaria\/wp-content\/uploads\/2022\/07\/rael.jpg 1280w\" sizes=\"(max-width: 836px) 100vw, 836px\" \/><\/figure>\n<\/div>\n\n\n<div class=\"wp-block-group nfd-gap-0 is-vertical is-content-justification-stretch is-layout-flex wp-container-core-group-is-layout-353c4f5a wp-block-group-is-layout-flex\">\n<p class=\"has-text-align-center nfd-text-md\"><strong><a href=\"https:\/\/raelgimenes.com\/sobre\" data-type=\"link\" data-id=\"https:\/\/raelgimenes.com\/sobre\" target=\"_blank\" rel=\"noreferrer noopener\">Rael B. Gimenes<\/a> <\/strong><\/p>\n\n\n\n<p class=\"has-text-align-center nfd-text-base nfd-text-faded\">Coordenador<br>Compositor<br>Pesquisador<\/p>\n<\/div>\n<\/div>\n\n\n\n<div class=\"wp-block-column is-vertically-aligned-top is-layout-flow wp-container-core-column-is-layout-22223934 wp-block-column-is-layout-flow\"><div class=\"wp-block-image nfd-rounded-full is-style-rounded\">\n<figure class=\"aligncenter size-full is-resized has-custom-border\"><img loading=\"lazy\" decoding=\"async\" width=\"668\" height=\"836\" src=\"https:\/\/raelgimenes.com\/gritaria\/wp-content\/uploads\/2022\/07\/camila.png\" alt=\"\" class=\"has-border-color wp-image-402\" style=\"border-color:#0000001a;border-width:1px;aspect-ratio:1;object-fit:cover;width:96px\" srcset=\"https:\/\/raelgimenes.com\/gritaria\/wp-content\/uploads\/2022\/07\/camila.png 668w, https:\/\/raelgimenes.com\/gritaria\/wp-content\/uploads\/2022\/07\/camila-240x300.png 240w\" sizes=\"(max-width: 668px) 100vw, 668px\" \/><\/figure>\n<\/div>\n\n\n<div class=\"wp-block-group nfd-gap-0 is-vertical is-content-justification-stretch is-layout-flex wp-container-core-group-is-layout-353c4f5a wp-block-group-is-layout-flex\">\n<p class=\"has-text-align-center nfd-text-md\"><strong>Camila de Souza<\/strong><\/p>\n\n\n\n<p class=\"has-text-align-center nfd-text-base nfd-text-faded\">Compositora<br>Pesquisadora<br>Produtora Cultural<\/p>\n<\/div>\n<\/div>\n\n\n\n<div class=\"wp-block-column is-vertically-aligned-top is-layout-flow wp-container-core-column-is-layout-22223934 wp-block-column-is-layout-flow\"><div class=\"wp-block-image nfd-rounded-full is-style-rounded\">\n<figure class=\"aligncenter size-full is-resized has-custom-border\"><img loading=\"lazy\" decoding=\"async\" width=\"1080\" height=\"1080\" src=\"https:\/\/raelgimenes.com\/gritaria\/wp-content\/uploads\/2024\/10\/Cristiano.jpeg\" alt=\"\" class=\"has-border-color wp-image-717\" style=\"border-color:#0000001a;border-width:1px;aspect-ratio:1;object-fit:cover;width:96px\" srcset=\"https:\/\/raelgimenes.com\/gritaria\/wp-content\/uploads\/2024\/10\/Cristiano.jpeg 1080w, https:\/\/raelgimenes.com\/gritaria\/wp-content\/uploads\/2024\/10\/Cristiano-300x300.jpeg 300w, https:\/\/raelgimenes.com\/gritaria\/wp-content\/uploads\/2024\/10\/Cristiano-1024x1024.jpeg 1024w, https:\/\/raelgimenes.com\/gritaria\/wp-content\/uploads\/2024\/10\/Cristiano-150x150.jpeg 150w, https:\/\/raelgimenes.com\/gritaria\/wp-content\/uploads\/2024\/10\/Cristiano-768x768.jpeg 768w\" sizes=\"(max-width: 1080px) 100vw, 1080px\" \/><\/figure>\n<\/div>\n\n\n<div class=\"wp-block-group nfd-gap-0 is-vertical is-content-justification-stretch is-layout-flex wp-container-core-group-is-layout-353c4f5a wp-block-group-is-layout-flex\">\n<p class=\"has-text-align-center nfd-text-md\"><strong>Cristiano Am\u00e9rico<\/strong><\/p>\n\n\n\n<p class=\"has-text-align-center nfd-text-base nfd-text-faded\">Compositor<br>Pesquisador<\/p>\n<\/div>\n<\/div>\n\n\n\n<div class=\"wp-block-column is-vertically-aligned-top is-layout-flow wp-container-core-column-is-layout-22223934 wp-block-column-is-layout-flow\"><div class=\"wp-block-image nfd-rounded-full is-style-rounded\">\n<figure class=\"aligncenter size-full is-resized has-custom-border\"><img loading=\"lazy\" decoding=\"async\" width=\"245\" height=\"300\" src=\"https:\/\/raelgimenes.com\/gritaria\/wp-content\/uploads\/2022\/07\/06sabrinatoffolo.jpg\" alt=\"\" class=\"has-border-color wp-image-417\" style=\"border-color:#0000001a;border-width:1px;aspect-ratio:1;object-fit:cover;width:96px\"\/><\/figure>\n<\/div>\n\n\n<div class=\"wp-block-group nfd-gap-0 is-vertical is-content-justification-stretch is-layout-flex wp-container-core-group-is-layout-353c4f5a wp-block-group-is-layout-flex\">\n<p class=\"has-text-align-center nfd-text-md\"><strong>Sabrina Schulz<\/strong><\/p>\n\n\n\n<p class=\"has-text-align-center nfd-text-base nfd-text-faded\">Pianista<br>Pesquisadora<\/p>\n<\/div>\n<\/div>\n<\/div>\n\n\n\n<div style=\"height:48px\" aria-hidden=\"true\" class=\"wp-block-spacer\"><\/div>\n\n\n\n<div class=\"wp-block-columns are-vertically-aligned-top nfd-gap-y-2xl is-layout-flex wp-container-core-columns-is-layout-12beab2d wp-block-columns-is-layout-flex\">\n<div class=\"wp-block-column is-vertically-aligned-top is-layout-flow wp-container-core-column-is-layout-22223934 wp-block-column-is-layout-flow\"><div class=\"wp-block-image nfd-rounded-full is-style-rounded\">\n<figure class=\"aligncenter size-large is-resized has-custom-border\"><img loading=\"lazy\" decoding=\"async\" width=\"1024\" height=\"577\" src=\"https:\/\/raelgimenes.com\/gritaria\/wp-content\/uploads\/2024\/10\/matheusercipmus-1-1024x577.png\" alt=\"\" class=\"has-border-color wp-image-693\" style=\"border-color:#0000001a;border-width:1px;aspect-ratio:1;object-fit:cover;width:96px\"\/><\/figure>\n<\/div>\n\n\n<div class=\"wp-block-group nfd-gap-0 is-vertical is-content-justification-stretch is-layout-flex wp-container-core-group-is-layout-353c4f5a wp-block-group-is-layout-flex\">\n<p class=\"has-text-align-center nfd-text-md\"><strong>Matheus da Paz<\/strong><\/p>\n\n\n\n<p class=\"has-text-align-center nfd-text-base nfd-text-faded\">Compositor<br>Pesquisador<\/p>\n<\/div>\n<\/div>\n\n\n\n<div class=\"wp-block-column is-vertically-aligned-top is-layout-flow wp-container-core-column-is-layout-22223934 wp-block-column-is-layout-flow\"><div class=\"wp-block-image nfd-rounded-full is-style-rounded\">\n<figure class=\"aligncenter size-full is-resized has-custom-border\"><img loading=\"lazy\" decoding=\"async\" width=\"750\" height=\"835\" src=\"https:\/\/raelgimenes.com\/gritaria\/wp-content\/uploads\/2022\/07\/welalves.png\" alt=\"\" class=\"has-border-color wp-image-404\" style=\"border-color:#0000001a;border-width:1px;aspect-ratio:1;object-fit:cover;width:96px\" srcset=\"https:\/\/raelgimenes.com\/gritaria\/wp-content\/uploads\/2022\/07\/welalves.png 750w, https:\/\/raelgimenes.com\/gritaria\/wp-content\/uploads\/2022\/07\/welalves-269x300.png 269w\" sizes=\"(max-width: 750px) 100vw, 750px\" \/><\/figure>\n<\/div>\n\n\n<div class=\"wp-block-group nfd-gap-0 is-vertical is-content-justification-stretch is-layout-flex wp-container-core-group-is-layout-353c4f5a wp-block-group-is-layout-flex\">\n<p class=\"has-text-align-center nfd-text-md\"><strong>Wellington Alves<\/strong><\/p>\n\n\n\n<p class=\"has-text-align-center nfd-text-base nfd-text-faded\">Compositor<br>Instrumentista<br>Pesquisador<\/p>\n<\/div>\n<\/div>\n\n\n\n<div class=\"wp-block-column is-vertically-aligned-top is-layout-flow wp-container-core-column-is-layout-22223934 wp-block-column-is-layout-flow\"><div class=\"wp-block-image nfd-rounded-full is-style-rounded\">\n<figure class=\"aligncenter size-full is-resized has-custom-border\"><img loading=\"lazy\" decoding=\"async\" width=\"888\" height=\"661\" src=\"https:\/\/raelgimenes.com\/gritaria\/wp-content\/uploads\/2022\/07\/foto_tauan.jpg\" alt=\"\" class=\"has-border-color wp-image-396\" style=\"border-color:#0000001a;border-width:1px;aspect-ratio:1;object-fit:cover;width:96px\" srcset=\"https:\/\/raelgimenes.com\/gritaria\/wp-content\/uploads\/2022\/07\/foto_tauan.jpg 888w, https:\/\/raelgimenes.com\/gritaria\/wp-content\/uploads\/2022\/07\/foto_tauan-300x223.jpg 300w, https:\/\/raelgimenes.com\/gritaria\/wp-content\/uploads\/2022\/07\/foto_tauan-768x572.jpg 768w\" sizes=\"(max-width: 888px) 100vw, 888px\" \/><\/figure>\n<\/div>\n\n\n<div class=\"wp-block-group nfd-gap-0 is-vertical is-content-justification-stretch is-layout-flex wp-container-core-group-is-layout-353c4f5a wp-block-group-is-layout-flex\">\n<p class=\"has-text-align-center nfd-text-md\"><strong>Tauan Sposito<\/strong><\/p>\n\n\n\n<p class=\"has-text-align-center nfd-text-base nfd-text-faded\">&#8216;Compositor<br>Instrumentista<br>Escritor<br>Pesquisador<\/p>\n<\/div>\n<\/div>\n\n\n\n<div class=\"wp-block-column is-vertically-aligned-top is-layout-flow wp-container-core-column-is-layout-22223934 wp-block-column-is-layout-flow\"><div class=\"wp-block-image nfd-rounded-full is-style-rounded\">\n<figure class=\"aligncenter size-full is-resized has-custom-border\"><img loading=\"lazy\" decoding=\"async\" width=\"96\" height=\"96\" src=\"https:\/\/raelgimenes.com\/gritaria\/wp-content\/uploads\/2025\/02\/Gabrielly.png\" alt=\"\" class=\"has-border-color wp-image-893\" style=\"border-color:#0000001a;border-width:1px;aspect-ratio:1;object-fit:cover;width:96px\" srcset=\"https:\/\/raelgimenes.com\/gritaria\/wp-content\/uploads\/2025\/02\/Gabrielly.png 96w, https:\/\/raelgimenes.com\/gritaria\/wp-content\/uploads\/2025\/02\/Gabrielly-80x80.png 80w\" sizes=\"(max-width: 96px) 100vw, 96px\" \/><\/figure>\n<\/div>\n\n\n<div class=\"wp-block-group nfd-gap-0 is-vertical is-content-justification-stretch is-layout-flex wp-container-core-group-is-layout-353c4f5a wp-block-group-is-layout-flex\">\n<p class=\"has-text-align-center nfd-text-md\"><strong>Gabrielly Nichele Schimidt<\/strong><\/p>\n\n\n\n<p class=\"has-text-align-center nfd-text-base nfd-text-faded\">Compositora<br>Pesquisadora<\/p>\n<\/div>\n<\/div>\n<\/div>\n<\/div><\/div>\n<\/div><\/div>\n\n\n\n<div id=\"call-to-action\" class=\"wp-block-group nfd-container nfd-p-lg nfd-theme-darker nfd-bg-surface is-style-nfd-theme-darker nfd-wb-animate nfd-wb-fade-in-bottom\"><div class=\"wp-block-group__inner-container is-layout-constrained wp-container-core-group-is-layout-b1ab6e45 wp-block-group-is-layout-constrained\">\n<div class=\"wp-block-group nfd-gap-lg is-vertical is-content-justification-center is-layout-flex wp-container-core-group-is-layout-ce155fab wp-block-group-is-layout-flex\">\n\n\n<h2 class=\"wp-block-heading has-text-align-center nfd-text-huge nfd-text-current md:nfd-no-br\">Ex-integrantes<\/h2>\n\n\n\n<div class=\"wp-block-group nfd-text-md nfd-text-faded\"><div class=\"wp-block-group__inner-container is-layout-constrained wp-container-core-group-is-layout-21deba94 wp-block-group-is-layout-constrained\">\n<p class=\"has-text-align-center\">Belquior Marques; Caio Pierangeli; Halisson da Silva; Laura Cec\u00edlio; Leonardo Alves (in memorian); Maur\u00edcio Perez; Nat\u00e1lia Vieira; Wellington Alves; William Henrique<\/p>\n<\/div><\/div>\n<\/div>\n<\/div><\/div>\n","protected":false},"excerpt":{"rendered":"<p>GRupo de estudos InTerdisciplinar de ARte InterativA Acesse o espelho do grupo no CNPq Motiva\u00e7\u00f5es Para pensadores da Arte, Filosofia e Comunica\u00e7\u00e3o vivemos em um momento de grandes transforma\u00e7\u00f5es impulsionadas [&hellip;]<\/p>\n","protected":false},"author":1,"featured_media":0,"parent":0,"menu_order":0,"comment_status":"closed","ping_status":"closed","template":"fullwidth.php","meta":{"saved_in_kubio":true,"nf_dc_page":"","_eb_attr":"","footnotes":""},"class_list":["post-709","page","type-page","status-publish","hentry"],"kubio_ai_page_context":{"short_desc":"","purpose":"general"},"_links":{"self":[{"href":"https:\/\/raelgimenes.com\/gritaria\/wp-json\/wp\/v2\/pages\/709","targetHints":{"allow":["GET"]}}],"collection":[{"href":"https:\/\/raelgimenes.com\/gritaria\/wp-json\/wp\/v2\/pages"}],"about":[{"href":"https:\/\/raelgimenes.com\/gritaria\/wp-json\/wp\/v2\/types\/page"}],"author":[{"embeddable":true,"href":"https:\/\/raelgimenes.com\/gritaria\/wp-json\/wp\/v2\/users\/1"}],"replies":[{"embeddable":true,"href":"https:\/\/raelgimenes.com\/gritaria\/wp-json\/wp\/v2\/comments?post=709"}],"version-history":[{"count":5,"href":"https:\/\/raelgimenes.com\/gritaria\/wp-json\/wp\/v2\/pages\/709\/revisions"}],"predecessor-version":[{"id":905,"href":"https:\/\/raelgimenes.com\/gritaria\/wp-json\/wp\/v2\/pages\/709\/revisions\/905"}],"wp:attachment":[{"href":"https:\/\/raelgimenes.com\/gritaria\/wp-json\/wp\/v2\/media?parent=709"}],"curies":[{"name":"wp","href":"https:\/\/api.w.org\/{rel}","templated":true}]}}